{"id":3747,"date":"2025-02-12T22:13:42","date_gmt":"2025-02-12T22:13:42","guid":{"rendered":"https:\/\/annesuy.fr\/?page_id=3747"},"modified":"2025-02-12T23:03:11","modified_gmt":"2025-02-12T23:03:11","slug":"mentions-legales","status":"publish","type":"page","link":"https:\/\/annesuy.fr\/en\/mentions-legales\/","title":{"rendered":"Mentions l\u00e9gales \ud83d\udcdc"},"content":{"rendered":"<style>.wp-block-kadence-advancedheading.kt-adv-heading3747_f00a74-85, .wp-block-kadence-advancedheading.kt-adv-heading3747_f00a74-85[data-kb-block=\"kb-adv-heading3747_f00a74-85\"]{font-size:15px;line-height:2;font-weight:400;font-style:normal;font-family:Poppins;}.wp-block-kadence-advancedheading.kt-adv-heading3747_f00a74-85 mark.kt-highlight, .wp-block-kadence-advancedheading.kt-adv-heading3747_f00a74-85[data-kb-block=\"kb-adv-heading3747_f00a74-85\"] mark.kt-highlight{font-style:normal;color:#f76a0c;-webkit-box-decoration-break:clone;box-decoration-break:clone;padding-top:0px;padding-right:0px;padding-bottom:0px;padding-left:0px;}.wp-block-kadence-advancedheading.kt-adv-heading3747_f00a74-85 img.kb-inline-image, .wp-block-kadence-advancedheading.kt-adv-heading3747_f00a74-85[data-kb-block=\"kb-adv-heading3747_f00a74-85\"] img.kb-inline-image{width:150px;vertical-align:baseline;}@media all and (max-width: 767px){.wp-block-kadence-advancedheading.kt-adv-heading3747_f00a74-85, .wp-block-kadence-advancedheading.kt-adv-heading3747_f00a74-85[data-kb-block=\"kb-adv-heading3747_f00a74-85\"]{font-size:15px;}}<\/style>\n<h2 class=\"kt-adv-heading3747_f00a74-85 wp-block-kadence-advancedheading has-theme-palette-9-color has-text-color\" data-kb-block=\"kb-adv-heading3747_f00a74-85\">\ud83d\udcc5 <strong>Derni\u00e8re mise \u00e0 jour :<\/strong> 12 f\u00e9vrier 2025<br><br><strong>1\ufe0f\u20e3 \u00c9dition du Site Internet<\/strong><br>Le site <strong>\u00ab\u00a0annesuy.fr\u00a0\u00bb<\/strong> (ci-apr\u00e8s <strong>\u00ab\u00a0le Site\u00a0\u00bb<\/strong>), accessible \u00e0 l\u2019adresse <strong><a href=\"https:\/\/annesuy.fr\/\">https:\/\/annesuy.fr<\/a><\/strong>, est \u00e9dit\u00e9 par <strong>ASYANN Agency<\/strong> (ci-apr\u00e8s <strong>\u00ab\u00a0l\u2019\u00c9diteur\u00a0\u00bb<\/strong>).<br><strong>D\u00e9nomination sociale :<\/strong> ASYANN Agency<br><strong>SIRET :<\/strong> 847 726 486 00016<br><strong>Si\u00e8ge social :<\/strong> 23 Avenue L\u00e9on Boll\u00e9e, 75013 Paris, France<br><strong>E-mail :<\/strong> <a href=\"mailto:contact@asyann.com\">contact@asyann.com<\/a><br><br><strong>2\ufe0f\u20e3 Propri\u00e9t\u00e9 Intellectuelle<\/strong><br>Le site <strong>annesuy.fr<\/strong> appartient \u00e0 la soci\u00e9t\u00e9 <strong>BEESZEN<\/strong>, immatricul\u00e9e sous le num\u00e9ro <strong>978 535 656 00018<\/strong>.<br><strong>D\u00e9nomination sociale :<\/strong> BEESZEN<br><strong>SIRET :<\/strong> 978 535 656 00018<br><strong>Si\u00e8ge social :<\/strong> ANNE SUY, 29 Rue de Fontenay, 94300 Vincennes, France<br><strong>E-mail :<\/strong> <a href=\"mailto:contact@annesuy.fr\">contact@annesuy.fr<\/a><br>Toute reproduction, distribution, modification ou utilisation, totale ou partielle, sans l\u2019autorisation \u00e9crite pr\u00e9alable de <strong>BEESZEN<\/strong> est <strong>strictement interdite<\/strong>, conform\u00e9ment aux dispositions du <strong>Code de la Propri\u00e9t\u00e9 Intellectuelle<\/strong>.<br><br><strong>3\ufe0f\u20e3 H\u00e9bergement du Site<\/strong><br>Le site <strong>\u00ab\u00a0annesuy.fr\u00a0\u00bb<\/strong> est h\u00e9berg\u00e9 par <strong>O2SWITCH<\/strong>, dont les informations sont les suivantes :<br>\ud83d\udccd <strong>Si\u00e8ge social :<\/strong> Chemin des Pardiaux, 63000 Clermont-Ferrand, France<br>\ud83c\udfe2 <strong>Forme juridique :<\/strong> SAS au capital de <strong>100 000 euros<\/strong><br>\ud83d\udce7 <strong>E-mail :<\/strong> <a href=\"mailto:support@o2switch.fr\">support@o2switch.fr<\/a><br><br><strong>4\ufe0f\u20e3 Responsabilit\u00e9<\/strong><br>L\u2019\u00c9diteur met \u00e0 disposition des utilisateurs des informations aussi pr\u00e9cises que possible. Toutefois, il ne peut garantir <strong>l\u2019exactitude, l\u2019exhaustivit\u00e9 ou la mise \u00e0 jour<\/strong> des informations publi\u00e9es.<br>L\u2019\u00c9diteur ne saurait \u00eatre tenu responsable en cas de :<br><strong>Erreurs ou omissions<\/strong> dans le contenu du Site,<br><strong>Dysfonctionnements techniques<\/strong> ou indisponibilit\u00e9 temporaire du Site,<br><strong>Dommages r\u00e9sultant de l\u2019utilisation du Site<\/strong> ou de toute information diffus\u00e9e sur celui-ci.<br>L\u2019utilisateur est seul responsable de l\u2019usage qu\u2019il fait des informations fournies sur le Site.<\/h2>\n","protected":false},"excerpt":{"rendered":"<p>\ud83d\udcc5 Derni\u00e8re mise \u00e0 jour : 12 f\u00e9vrier 2025 1\ufe0f\u20e3 \u00c9dition du Site InternetLe site \u00ab\u00a0annesuy.fr\u00a0\u00bb (ci-apr\u00e8s \u00ab\u00a0le Site\u00a0\u00bb), accessible \u00e0 l\u2019adresse https:\/\/annesuy.fr, est \u00e9dit\u00e9 par ASYANN Agency (ci-apr\u00e8s \u00ab\u00a0l\u2019\u00c9diteur\u00a0\u00bb).D\u00e9nomination sociale : ASYANN AgencySIRET : 847 726 486 00016Si\u00e8ge social : 23 Avenue L\u00e9on Boll\u00e9e, 75013 Paris, FranceE-mail : contact@asyann.com 2\ufe0f\u20e3 Propri\u00e9t\u00e9 IntellectuelleLe site annesuy.fr&#8230;<\/p>","protected":false},"author":1,"featured_media":0,"parent":0,"menu_order":0,"comment_status":"closed","ping_status":"closed","template":"","meta":{"_surecart_dashboard_logo_width":"180px","_surecart_dashboard_show_logo":true,"_surecart_dashboard_navigation_orders":true,"_surecart_dashboard_navigation_invoices":true,"_surecart_dashboard_navigation_subscriptions":true,"_surecart_dashboard_navigation_downloads":true,"_surecart_dashboard_navigation_billing":true,"_surecart_dashboard_navigation_account":true,"_kad_post_transparent":"default","_kad_post_title":"default","_kad_post_layout":"","_kad_post_sidebar_id":"","_kad_post_content_style":"default","_kad_post_vertical_padding":"default","_kad_post_feature":"default","_kad_post_feature_position":"","_kad_post_header":false,"_kad_post_footer":false,"footnotes":""},"class_list":["post-3747","page","type-page","status-publish","hentry"],"yoast_head":"<!-- This site is optimized with the Yoast SEO plugin v27.5 - https:\/\/yoast.com\/product\/yoast-seo-wordpress\/ -->\n<title>Mentions l\u00e9gales \ud83d\udcdc - Anne Suy Massage<\/title>\n<meta name=\"robots\" content=\"index, follow, max-snippet:-1, max-image-preview:large, max-video-preview:-1\" \/>\n<link rel=\"canonical\" href=\"https:\/\/annesuy.fr\/en\/mentions-legales\/\" \/>\n<meta property=\"og:locale\" content=\"en_US\" \/>\n<meta property=\"og:type\" content=\"article\" \/>\n<meta property=\"og:title\" content=\"Mentions l\u00e9gales \ud83d\udcdc - Anne Suy Massage\" \/>\n<meta property=\"og:description\" content=\"\ud83d\udcc5 Derni\u00e8re mise \u00e0 jour : 12 f\u00e9vrier 2025 1\ufe0f\u20e3 \u00c9dition du Site InternetLe site \u00ab\u00a0annesuy.fr\u00a0\u00bb (ci-apr\u00e8s \u00ab\u00a0le Site\u00a0\u00bb), accessible \u00e0 l\u2019adresse https:\/\/annesuy.fr, est \u00e9dit\u00e9 par ASYANN Agency (ci-apr\u00e8s \u00ab\u00a0l\u2019\u00c9diteur\u00a0\u00bb).D\u00e9nomination sociale : ASYANN AgencySIRET : 847 726 486 00016Si\u00e8ge social : 23 Avenue L\u00e9on Boll\u00e9e, 75013 Paris, FranceE-mail : contact@asyann.com 2\ufe0f\u20e3 Propri\u00e9t\u00e9 IntellectuelleLe site annesuy.fr...\" \/>\n<meta property=\"og:url\" content=\"https:\/\/annesuy.fr\/en\/mentions-legales\/\" \/>\n<meta property=\"og:site_name\" content=\"Anne Suy Massage\" \/>\n<meta property=\"article:modified_time\" content=\"2025-02-12T23:03:11+00:00\" \/>\n<meta name=\"twitter:card\" content=\"summary_large_image\" \/>\n<meta name=\"twitter:label1\" content=\"Est. reading time\" \/>\n\t<meta name=\"twitter:data1\" content=\"1 minute\" \/>\n<script type=\"application\/ld+json\" class=\"yoast-schema-graph\">{\"@context\":\"https:\\\/\\\/schema.org\",\"@graph\":[{\"@type\":\"WebPage\",\"@id\":\"https:\\\/\\\/annesuy.fr\\\/mentions-legales\\\/\",\"url\":\"https:\\\/\\\/annesuy.fr\\\/mentions-legales\\\/\",\"name\":\"Mentions l\u00e9gales \ud83d\udcdc - Anne Suy Massage\",\"isPartOf\":{\"@id\":\"https:\\\/\\\/annesuy.fr\\\/#website\"},\"datePublished\":\"2025-02-12T22:13:42+00:00\",\"dateModified\":\"2025-02-12T23:03:11+00:00\",\"breadcrumb\":{\"@id\":\"https:\\\/\\\/annesuy.fr\\\/mentions-legales\\\/#breadcrumb\"},\"inLanguage\":\"en-US\",\"potentialAction\":[{\"@type\":\"ReadAction\",\"target\":[\"https:\\\/\\\/annesuy.fr\\\/mentions-legales\\\/\"]}]},{\"@type\":\"BreadcrumbList\",\"@id\":\"https:\\\/\\\/annesuy.fr\\\/mentions-legales\\\/#breadcrumb\",\"itemListElement\":[{\"@type\":\"ListItem\",\"position\":1,\"name\":\"Accueil\",\"item\":\"https:\\\/\\\/annesuy.fr\\\/\"},{\"@type\":\"ListItem\",\"position\":2,\"name\":\"Mentions l\u00e9gales \ud83d\udcdc\"}]},{\"@type\":\"WebSite\",\"@id\":\"https:\\\/\\\/annesuy.fr\\\/#website\",\"url\":\"https:\\\/\\\/annesuy.fr\\\/\",\"name\":\"Anne Suy Massage\",\"description\":\"Anne SUY Cr\u00e9atrice de Massages\",\"publisher\":{\"@id\":\"https:\\\/\\\/annesuy.fr\\\/#organization\"},\"potentialAction\":[{\"@type\":\"SearchAction\",\"target\":{\"@type\":\"EntryPoint\",\"urlTemplate\":\"https:\\\/\\\/annesuy.fr\\\/?s={search_term_string}\"},\"query-input\":{\"@type\":\"PropertyValueSpecification\",\"valueRequired\":true,\"valueName\":\"search_term_string\"}}],\"inLanguage\":\"en-US\"},{\"@type\":\"Organization\",\"@id\":\"https:\\\/\\\/annesuy.fr\\\/#organization\",\"name\":\"Anne Suy Massage\",\"url\":\"https:\\\/\\\/annesuy.fr\\\/\",\"logo\":{\"@type\":\"ImageObject\",\"inLanguage\":\"en-US\",\"@id\":\"https:\\\/\\\/annesuy.fr\\\/#\\\/schema\\\/logo\\\/image\\\/\",\"url\":\"https:\\\/\\\/annesuy.fr\\\/wp-content\\\/uploads\\\/2024\\\/09\\\/cropped-annesuy-headspa-169-1.png\",\"contentUrl\":\"https:\\\/\\\/annesuy.fr\\\/wp-content\\\/uploads\\\/2024\\\/09\\\/cropped-annesuy-headspa-169-1.png\",\"width\":1919,\"height\":290,\"caption\":\"Anne Suy Massage\"},\"image\":{\"@id\":\"https:\\\/\\\/annesuy.fr\\\/#\\\/schema\\\/logo\\\/image\\\/\"}}]}<\/script>\n<!-- \/ Yoast SEO plugin. -->","yoast_head_json":{"title":"Mentions l\u00e9gales \ud83d\udcdc - Anne Suy Massage","robots":{"index":"index","follow":"follow","max-snippet":"max-snippet:-1","max-image-preview":"max-image-preview:large","max-video-preview":"max-video-preview:-1"},"canonical":"https:\/\/annesuy.fr\/en\/mentions-legales\/","og_locale":"en_US","og_type":"article","og_title":"Mentions l\u00e9gales \ud83d\udcdc - Anne Suy Massage","og_description":"\ud83d\udcc5 Derni\u00e8re mise \u00e0 jour : 12 f\u00e9vrier 2025 1\ufe0f\u20e3 \u00c9dition du Site InternetLe site \u00ab\u00a0annesuy.fr\u00a0\u00bb (ci-apr\u00e8s \u00ab\u00a0le Site\u00a0\u00bb), accessible \u00e0 l\u2019adresse https:\/\/annesuy.fr, est \u00e9dit\u00e9 par ASYANN Agency (ci-apr\u00e8s \u00ab\u00a0l\u2019\u00c9diteur\u00a0\u00bb).D\u00e9nomination sociale : ASYANN AgencySIRET : 847 726 486 00016Si\u00e8ge social : 23 Avenue L\u00e9on Boll\u00e9e, 75013 Paris, FranceE-mail : contact@asyann.com 2\ufe0f\u20e3 Propri\u00e9t\u00e9 IntellectuelleLe site annesuy.fr...","og_url":"https:\/\/annesuy.fr\/en\/mentions-legales\/","og_site_name":"Anne Suy Massage","article_modified_time":"2025-02-12T23:03:11+00:00","twitter_card":"summary_large_image","twitter_misc":{"Est. reading time":"1 minute"},"schema":{"@context":"https:\/\/schema.org","@graph":[{"@type":"WebPage","@id":"https:\/\/annesuy.fr\/mentions-legales\/","url":"https:\/\/annesuy.fr\/mentions-legales\/","name":"Mentions l\u00e9gales \ud83d\udcdc - Anne Suy Massage","isPartOf":{"@id":"https:\/\/annesuy.fr\/#website"},"datePublished":"2025-02-12T22:13:42+00:00","dateModified":"2025-02-12T23:03:11+00:00","breadcrumb":{"@id":"https:\/\/annesuy.fr\/mentions-legales\/#breadcrumb"},"inLanguage":"en-US","potentialAction":[{"@type":"ReadAction","target":["https:\/\/annesuy.fr\/mentions-legales\/"]}]},{"@type":"BreadcrumbList","@id":"https:\/\/annesuy.fr\/mentions-legales\/#breadcrumb","itemListElement":[{"@type":"ListItem","position":1,"name":"Accueil","item":"https:\/\/annesuy.fr\/"},{"@type":"ListItem","position":2,"name":"Mentions l\u00e9gales \ud83d\udcdc"}]},{"@type":"WebSite","@id":"https:\/\/annesuy.fr\/#website","url":"https:\/\/annesuy.fr\/","name":"Anne Suy Massage","description":"Anne SUY Massage Creator","publisher":{"@id":"https:\/\/annesuy.fr\/#organization"},"potentialAction":[{"@type":"SearchAction","target":{"@type":"EntryPoint","urlTemplate":"https:\/\/annesuy.fr\/?s={search_term_string}"},"query-input":{"@type":"PropertyValueSpecification","valueRequired":true,"valueName":"search_term_string"}}],"inLanguage":"en-US"},{"@type":"Organization","@id":"https:\/\/annesuy.fr\/#organization","name":"Anne Suy Massage","url":"https:\/\/annesuy.fr\/","logo":{"@type":"ImageObject","inLanguage":"en-US","@id":"https:\/\/annesuy.fr\/#\/schema\/logo\/image\/","url":"https:\/\/annesuy.fr\/wp-content\/uploads\/2024\/09\/cropped-annesuy-headspa-169-1.png","contentUrl":"https:\/\/annesuy.fr\/wp-content\/uploads\/2024\/09\/cropped-annesuy-headspa-169-1.png","width":1919,"height":290,"caption":"Anne Suy Massage"},"image":{"@id":"https:\/\/annesuy.fr\/#\/schema\/logo\/image\/"}}]}},"_links":{"self":[{"href":"https:\/\/annesuy.fr\/en\/wp-json\/wp\/v2\/pages\/3747","targetHints":{"allow":["GET"]}}],"collection":[{"href":"https:\/\/annesuy.fr\/en\/wp-json\/wp\/v2\/pages"}],"about":[{"href":"https:\/\/annesuy.fr\/en\/wp-json\/wp\/v2\/types\/page"}],"author":[{"embeddable":true,"href":"https:\/\/annesuy.fr\/en\/wp-json\/wp\/v2\/users\/1"}],"replies":[{"embeddable":true,"href":"https:\/\/annesuy.fr\/en\/wp-json\/wp\/v2\/comments?post=3747"}],"version-history":[{"count":3,"href":"https:\/\/annesuy.fr\/en\/wp-json\/wp\/v2\/pages\/3747\/revisions"}],"predecessor-version":[{"id":3767,"href":"https:\/\/annesuy.fr\/en\/wp-json\/wp\/v2\/pages\/3747\/revisions\/3767"}],"wp:attachment":[{"href":"https:\/\/annesuy.fr\/en\/wp-json\/wp\/v2\/media?parent=3747"}],"curies":[{"name":"wp","href":"https:\/\/api.w.org\/{rel}","templated":true}]}}