{"id":3761,"date":"2025-02-12T22:36:00","date_gmt":"2025-02-12T22:36:00","guid":{"rendered":"https:\/\/annesuy.fr\/?page_id=3761"},"modified":"2025-02-12T23:02:31","modified_gmt":"2025-02-12T23:02:31","slug":"politique-de-confidentialite","status":"publish","type":"page","link":"https:\/\/annesuy.fr\/en\/politique-de-confidentialite\/","title":{"rendered":"Politique de confidentialit\u00e9 \ud83d\udd10"},"content":{"rendered":"<style>.wp-block-kadence-advancedheading.kt-adv-heading3761_9c8d37-7a, .wp-block-kadence-advancedheading.kt-adv-heading3761_9c8d37-7a[data-kb-block=\"kb-adv-heading3761_9c8d37-7a\"]{font-size:15px;line-height:2;font-weight:400;font-style:normal;font-family:Poppins;}.wp-block-kadence-advancedheading.kt-adv-heading3761_9c8d37-7a mark.kt-highlight, .wp-block-kadence-advancedheading.kt-adv-heading3761_9c8d37-7a[data-kb-block=\"kb-adv-heading3761_9c8d37-7a\"] mark.kt-highlight{font-style:normal;color:#f76a0c;-webkit-box-decoration-break:clone;box-decoration-break:clone;padding-top:0px;padding-right:0px;padding-bottom:0px;padding-left:0px;}.wp-block-kadence-advancedheading.kt-adv-heading3761_9c8d37-7a img.kb-inline-image, .wp-block-kadence-advancedheading.kt-adv-heading3761_9c8d37-7a[data-kb-block=\"kb-adv-heading3761_9c8d37-7a\"] img.kb-inline-image{width:150px;vertical-align:baseline;}@media all and (max-width: 767px){.wp-block-kadence-advancedheading.kt-adv-heading3761_9c8d37-7a, .wp-block-kadence-advancedheading.kt-adv-heading3761_9c8d37-7a[data-kb-block=\"kb-adv-heading3761_9c8d37-7a\"]{font-size:15px;}}<\/style>\n<h2 class=\"kt-adv-heading3761_9c8d37-7a wp-block-kadence-advancedheading has-theme-palette-9-color has-text-color\" data-kb-block=\"kb-adv-heading3761_9c8d37-7a\">\ud83d\udcc5 <strong>Derni\u00e8re mise \u00e0 jour :<\/strong> 12 f\u00e9vrier 2025<br>\ud83d\udcc5 <strong>Date d&rsquo;effet :<\/strong> 12 f\u00e9vrier 2025<br><br><strong>1\ufe0f\u20e3 Introduction<\/strong><br>Cette Politique de Confidentialit\u00e9 d\u00e9crit les politiques de <strong>Anne Suy Massage<\/strong>, situ\u00e9 au <strong>29 rue de Fontenay, 94300 Vincennes, France<\/strong>, concernant la collecte, l&rsquo;utilisation et la divulgation de vos informations lorsque vous utilisez notre site web <strong><a href=\"https:\/\/annesuy.fr\/\">https:\/\/annesuy.fr<\/a><\/strong> (ci-apr\u00e8s <strong>\u00ab\u00a0le Service\u00a0\u00bb<\/strong>).<br>\ud83d\udce7 <strong>E-mail :<\/strong> <a href=\"mailto:contact@annesuy.fr\">contact@annesuy.fr<\/a><br>\ud83d\udcde <strong>T\u00e9l\u00e9phone :<\/strong> 06 50 41 39 66<br>En acc\u00e9dant ou en utilisant le Service, vous <strong>consentez \u00e0 la collecte, \u00e0 l&rsquo;utilisation et \u00e0 la divulgation<\/strong> de vos informations conform\u00e9ment \u00e0 cette Politique de Confidentialit\u00e9. Si vous <strong>n&rsquo;acceptez pas<\/strong>, veuillez <strong>ne pas acc\u00e9der ni utiliser<\/strong> le Service.<br>Nous pouvons modifier cette Politique de Confidentialit\u00e9 <strong>\u00e0 tout moment sans pr\u00e9avis<\/strong>. La politique r\u00e9vis\u00e9e entrera en vigueur <strong>180 jours apr\u00e8s sa publication<\/strong> sur le Service. Votre acc\u00e8s ou utilisation continue du Service apr\u00e8s cette p\u00e9riode constituera votre acceptation de la Politique de Confidentialit\u00e9 r\u00e9vis\u00e9e. Nous vous recommandons donc de consulter r\u00e9guli\u00e8rement cette page.<br><br><strong>2\ufe0f\u20e3 Comment nous utilisons vos informations<\/strong><br>Nous utiliserons les informations que nous collectons \u00e0 votre sujet aux fins suivantes :<br>\ud83c\udfaf <strong>Publicit\u00e9 cibl\u00e9e<\/strong><br>Si nous souhaitons utiliser vos informations pour d&rsquo;autres finalit\u00e9s, nous vous demanderons votre <strong>consentement<\/strong> et nous n&rsquo;utiliserons vos donn\u00e9es qu&rsquo;apr\u00e8s l&rsquo;avoir obtenu, et uniquement pour les finalit\u00e9s pour lesquelles vous avez donn\u00e9 votre accord, sauf si la loi nous oblige \u00e0 agir autrement.<br><br><strong>3\ufe0f\u20e3 Partage de vos informations<\/strong><br>Nous ne transf\u00e9rerons pas vos informations personnelles \u00e0 des tiers sans votre consentement, sauf dans des circonstances limit\u00e9es d\u00e9crites ci-dessous :<br>\ud83d\udee0 <strong>Services publicitaires<\/strong><br>\ud83d\udcca <strong>Outils d\u2019analyse (analytics)<\/strong><br>Nous exigeons que ces tiers utilisent les informations personnelles qui leur sont transf\u00e9r\u00e9es <strong>uniquement aux fins sp\u00e9cifi\u00e9es<\/strong> et <strong>ne les conservent pas plus longtemps que n\u00e9cessaire<\/strong>.<br>Nous pouvons \u00e9galement divulguer vos informations personnelles dans les cas suivants :<br>1\ufe0f\u20e3 <strong>Pour se conformer aux lois en vigueur, aux r\u00e8glements, aux ordonnances judiciaires ou \u00e0 toute autre proc\u00e9dure l\u00e9gale.<\/strong><br>2\ufe0f\u20e3 <strong>Pour faire respecter vos accords avec nous, y compris cette Politique de Confidentialit\u00e9.<\/strong><br>3\ufe0f\u20e3 <strong>Pour r\u00e9pondre aux r\u00e9clamations indiquant que votre utilisation du Service viole les droits d&rsquo;un tiers.<\/strong><br>Si le Service ou notre entreprise est fusionn\u00e9 ou acquis par une autre soci\u00e9t\u00e9, vos informations seront transf\u00e9r\u00e9es au nouveau propri\u00e9taire dans le cadre des actifs de l\u2019entreprise.<br><br><strong>4\ufe0f\u20e3 Vos droits<\/strong><br>Selon la loi applicable, vous pouvez avoir le droit de :<br>\u2705 <strong>Acc\u00e9der, rectifier ou supprimer vos donn\u00e9es personnelles.<\/strong><br>\u2705 <strong>Recevoir une copie de vos donn\u00e9es personnelles.<\/strong><br>\u2705 <strong>Restreindre ou vous opposer au traitement actif de vos donn\u00e9es.<\/strong><br>\u2705 <strong>Demander le transfert de vos donn\u00e9es personnelles \u00e0 une autre entit\u00e9.<\/strong><br>\u2705 <strong>Retirer tout consentement que vous nous avez donn\u00e9 pour traiter vos donn\u00e9es.<\/strong><br>\u2705 <strong>D\u00e9poser une plainte aupr\u00e8s d\u2019une autorit\u00e9 comp\u00e9tente.<\/strong><br>Pour exercer ces droits, vous pouvez nous \u00e9crire \u00e0 <strong><a href=\"mailto:contact@annesuy.fr\">contact@annesuy.fr<\/a><\/strong>. Nous r\u00e9pondrons \u00e0 votre demande conform\u00e9ment \u00e0 la l\u00e9gislation en vigueur.<br>\u26a0\ufe0f <strong>Note :<\/strong> Si vous ne nous permettez pas de collecter ou de traiter les informations personnelles requises, ou si vous retirez votre consentement, vous pourriez <strong>ne pas \u00eatre en mesure<\/strong> d\u2019acc\u00e9der ou d\u2019utiliser certains services du site.<br><br><strong>5\ufe0f\u20e3 Cookies et Technologies de Suivi<\/strong><br>Pour en savoir plus sur l&rsquo;utilisation des cookies et vos options en mati\u00e8re de suivi, veuillez consulter notre <strong><a href=\"https:\/\/annesuy.fr\/politique-de-cookies\/\">Politique de Cookies<\/a><\/strong>.<br><br><strong>6\ufe0f\u20e3 S\u00e9curit\u00e9 des Donn\u00e9es<\/strong><br>La s\u00e9curit\u00e9 de vos informations est importante pour nous, et nous mettons en place des <strong>mesures de s\u00e9curit\u00e9 raisonnables<\/strong> pour pr\u00e9venir la perte, l\u2019utilisation abusive ou l\u2019acc\u00e8s non autoris\u00e9 \u00e0 vos donn\u00e9es.<br>Cependant, \u00e9tant donn\u00e9 les <strong>risques inh\u00e9rents<\/strong> \u00e0 Internet, nous ne pouvons garantir une <strong>s\u00e9curit\u00e9 absolue<\/strong>. Par cons\u00e9quent, nous ne pouvons pas assurer ou garantir la s\u00e9curit\u00e9 des informations que vous nous transmettez et vous le faites <strong>\u00e0 vos propres risques<\/strong>.<br><br><strong>7\ufe0f\u20e3 Responsable des Griefs \/ Protection des Donn\u00e9es<\/strong><br>Si vous avez des questions ou pr\u00e9occupations concernant le traitement de vos informations, vous pouvez contacter notre <strong>Responsable de la Protection des Donn\u00e9es<\/strong> \u00e0 :<br>\ud83d\udccd <strong>Anne Suy Massage<\/strong> \u2013 29 rue de Fontenay, 94300 Vincennes, France<br>\ud83d\udce7 <strong>E-mail :<\/strong> <a href=\"mailto:contact@annesuy.fr\">contact@annesuy.fr<\/a><br>Nous traiterons vos pr\u00e9occupations conform\u00e9ment \u00e0 la loi applicable.<\/h2>\n","protected":false},"excerpt":{"rendered":"<p>\ud83d\udcc5 Derni\u00e8re mise \u00e0 jour : 12 f\u00e9vrier 2025\ud83d\udcc5 Date d&rsquo;effet : 12 f\u00e9vrier 2025 1\ufe0f\u20e3 IntroductionCette Politique de Confidentialit\u00e9 d\u00e9crit les politiques de Anne Suy Massage, situ\u00e9 au 29 rue de Fontenay, 94300 Vincennes, France, concernant la collecte, l&rsquo;utilisation et la divulgation de vos informations lorsque vous utilisez notre site web https:\/\/annesuy.fr (ci-apr\u00e8s \u00ab\u00a0le&#8230;<\/p>","protected":false},"author":1,"featured_media":0,"parent":0,"menu_order":0,"comment_status":"closed","ping_status":"closed","template":"","meta":{"_surecart_dashboard_logo_width":"180px","_surecart_dashboard_show_logo":true,"_surecart_dashboard_navigation_orders":true,"_surecart_dashboard_navigation_invoices":true,"_surecart_dashboard_navigation_subscriptions":true,"_surecart_dashboard_navigation_downloads":true,"_surecart_dashboard_navigation_billing":true,"_surecart_dashboard_navigation_account":true,"_kad_post_transparent":"","_kad_post_title":"","_kad_post_layout":"","_kad_post_sidebar_id":"","_kad_post_content_style":"","_kad_post_vertical_padding":"","_kad_post_feature":"","_kad_post_feature_position":"","_kad_post_header":false,"_kad_post_footer":false,"footnotes":""},"class_list":["post-3761","page","type-page","status-publish","hentry"],"yoast_head":"<!-- This site is optimized with the Yoast SEO plugin v27.5 - https:\/\/yoast.com\/product\/yoast-seo-wordpress\/ -->\n<title>Politique de confidentialit\u00e9 \ud83d\udd10 - Anne Suy Massage<\/title>\n<meta name=\"robots\" content=\"index, follow, max-snippet:-1, max-image-preview:large, max-video-preview:-1\" \/>\n<link rel=\"canonical\" href=\"https:\/\/annesuy.fr\/en\/politique-de-confidentialite\/\" \/>\n<meta property=\"og:locale\" content=\"en_US\" \/>\n<meta property=\"og:type\" content=\"article\" \/>\n<meta property=\"og:title\" content=\"Politique de confidentialit\u00e9 \ud83d\udd10 - Anne Suy Massage\" \/>\n<meta property=\"og:description\" content=\"\ud83d\udcc5 Derni\u00e8re mise \u00e0 jour : 12 f\u00e9vrier 2025\ud83d\udcc5 Date d&rsquo;effet : 12 f\u00e9vrier 2025 1\ufe0f\u20e3 IntroductionCette Politique de Confidentialit\u00e9 d\u00e9crit les politiques de Anne Suy Massage, situ\u00e9 au 29 rue de Fontenay, 94300 Vincennes, France, concernant la collecte, l&rsquo;utilisation et la divulgation de vos informations lorsque vous utilisez notre site web https:\/\/annesuy.fr (ci-apr\u00e8s \u00ab\u00a0le...\" \/>\n<meta property=\"og:url\" content=\"https:\/\/annesuy.fr\/en\/politique-de-confidentialite\/\" \/>\n<meta property=\"og:site_name\" content=\"Anne Suy Massage\" \/>\n<meta property=\"article:modified_time\" content=\"2025-02-12T23:02:31+00:00\" \/>\n<meta name=\"twitter:card\" content=\"summary_large_image\" \/>\n<meta name=\"twitter:label1\" content=\"Est. reading time\" \/>\n\t<meta name=\"twitter:data1\" content=\"3 minutes\" \/>\n<script type=\"application\/ld+json\" class=\"yoast-schema-graph\">{\"@context\":\"https:\\\/\\\/schema.org\",\"@graph\":[{\"@type\":\"WebPage\",\"@id\":\"https:\\\/\\\/annesuy.fr\\\/politique-de-confidentialite\\\/\",\"url\":\"https:\\\/\\\/annesuy.fr\\\/politique-de-confidentialite\\\/\",\"name\":\"Politique de confidentialit\u00e9 \ud83d\udd10 - Anne Suy Massage\",\"isPartOf\":{\"@id\":\"https:\\\/\\\/annesuy.fr\\\/#website\"},\"datePublished\":\"2025-02-12T22:36:00+00:00\",\"dateModified\":\"2025-02-12T23:02:31+00:00\",\"breadcrumb\":{\"@id\":\"https:\\\/\\\/annesuy.fr\\\/politique-de-confidentialite\\\/#breadcrumb\"},\"inLanguage\":\"en-US\",\"potentialAction\":[{\"@type\":\"ReadAction\",\"target\":[\"https:\\\/\\\/annesuy.fr\\\/politique-de-confidentialite\\\/\"]}]},{\"@type\":\"BreadcrumbList\",\"@id\":\"https:\\\/\\\/annesuy.fr\\\/politique-de-confidentialite\\\/#breadcrumb\",\"itemListElement\":[{\"@type\":\"ListItem\",\"position\":1,\"name\":\"Accueil\",\"item\":\"https:\\\/\\\/annesuy.fr\\\/\"},{\"@type\":\"ListItem\",\"position\":2,\"name\":\"Politique de confidentialit\u00e9 \ud83d\udd10\"}]},{\"@type\":\"WebSite\",\"@id\":\"https:\\\/\\\/annesuy.fr\\\/#website\",\"url\":\"https:\\\/\\\/annesuy.fr\\\/\",\"name\":\"Anne Suy Massage\",\"description\":\"Anne SUY Cr\u00e9atrice de Massages\",\"publisher\":{\"@id\":\"https:\\\/\\\/annesuy.fr\\\/#organization\"},\"potentialAction\":[{\"@type\":\"SearchAction\",\"target\":{\"@type\":\"EntryPoint\",\"urlTemplate\":\"https:\\\/\\\/annesuy.fr\\\/?s={search_term_string}\"},\"query-input\":{\"@type\":\"PropertyValueSpecification\",\"valueRequired\":true,\"valueName\":\"search_term_string\"}}],\"inLanguage\":\"en-US\"},{\"@type\":\"Organization\",\"@id\":\"https:\\\/\\\/annesuy.fr\\\/#organization\",\"name\":\"Anne Suy Massage\",\"url\":\"https:\\\/\\\/annesuy.fr\\\/\",\"logo\":{\"@type\":\"ImageObject\",\"inLanguage\":\"en-US\",\"@id\":\"https:\\\/\\\/annesuy.fr\\\/#\\\/schema\\\/logo\\\/image\\\/\",\"url\":\"https:\\\/\\\/annesuy.fr\\\/wp-content\\\/uploads\\\/2024\\\/09\\\/cropped-annesuy-headspa-169-1.png\",\"contentUrl\":\"https:\\\/\\\/annesuy.fr\\\/wp-content\\\/uploads\\\/2024\\\/09\\\/cropped-annesuy-headspa-169-1.png\",\"width\":1919,\"height\":290,\"caption\":\"Anne Suy Massage\"},\"image\":{\"@id\":\"https:\\\/\\\/annesuy.fr\\\/#\\\/schema\\\/logo\\\/image\\\/\"}}]}<\/script>\n<!-- \/ Yoast SEO plugin. -->","yoast_head_json":{"title":"Politique de confidentialit\u00e9 \ud83d\udd10 - Anne Suy Massage","robots":{"index":"index","follow":"follow","max-snippet":"max-snippet:-1","max-image-preview":"max-image-preview:large","max-video-preview":"max-video-preview:-1"},"canonical":"https:\/\/annesuy.fr\/en\/politique-de-confidentialite\/","og_locale":"en_US","og_type":"article","og_title":"Politique de confidentialit\u00e9 \ud83d\udd10 - Anne Suy Massage","og_description":"\ud83d\udcc5 Derni\u00e8re mise \u00e0 jour : 12 f\u00e9vrier 2025\ud83d\udcc5 Date d&rsquo;effet : 12 f\u00e9vrier 2025 1\ufe0f\u20e3 IntroductionCette Politique de Confidentialit\u00e9 d\u00e9crit les politiques de Anne Suy Massage, situ\u00e9 au 29 rue de Fontenay, 94300 Vincennes, France, concernant la collecte, l&rsquo;utilisation et la divulgation de vos informations lorsque vous utilisez notre site web https:\/\/annesuy.fr (ci-apr\u00e8s \u00ab\u00a0le...","og_url":"https:\/\/annesuy.fr\/en\/politique-de-confidentialite\/","og_site_name":"Anne Suy Massage","article_modified_time":"2025-02-12T23:02:31+00:00","twitter_card":"summary_large_image","twitter_misc":{"Est. reading time":"3 minutes"},"schema":{"@context":"https:\/\/schema.org","@graph":[{"@type":"WebPage","@id":"https:\/\/annesuy.fr\/politique-de-confidentialite\/","url":"https:\/\/annesuy.fr\/politique-de-confidentialite\/","name":"Politique de confidentialit\u00e9 \ud83d\udd10 - Anne Suy Massage","isPartOf":{"@id":"https:\/\/annesuy.fr\/#website"},"datePublished":"2025-02-12T22:36:00+00:00","dateModified":"2025-02-12T23:02:31+00:00","breadcrumb":{"@id":"https:\/\/annesuy.fr\/politique-de-confidentialite\/#breadcrumb"},"inLanguage":"en-US","potentialAction":[{"@type":"ReadAction","target":["https:\/\/annesuy.fr\/politique-de-confidentialite\/"]}]},{"@type":"BreadcrumbList","@id":"https:\/\/annesuy.fr\/politique-de-confidentialite\/#breadcrumb","itemListElement":[{"@type":"ListItem","position":1,"name":"Accueil","item":"https:\/\/annesuy.fr\/"},{"@type":"ListItem","position":2,"name":"Politique de confidentialit\u00e9 \ud83d\udd10"}]},{"@type":"WebSite","@id":"https:\/\/annesuy.fr\/#website","url":"https:\/\/annesuy.fr\/","name":"Anne Suy Massage","description":"Anne SUY Massage Creator","publisher":{"@id":"https:\/\/annesuy.fr\/#organization"},"potentialAction":[{"@type":"SearchAction","target":{"@type":"EntryPoint","urlTemplate":"https:\/\/annesuy.fr\/?s={search_term_string}"},"query-input":{"@type":"PropertyValueSpecification","valueRequired":true,"valueName":"search_term_string"}}],"inLanguage":"en-US"},{"@type":"Organization","@id":"https:\/\/annesuy.fr\/#organization","name":"Anne Suy Massage","url":"https:\/\/annesuy.fr\/","logo":{"@type":"ImageObject","inLanguage":"en-US","@id":"https:\/\/annesuy.fr\/#\/schema\/logo\/image\/","url":"https:\/\/annesuy.fr\/wp-content\/uploads\/2024\/09\/cropped-annesuy-headspa-169-1.png","contentUrl":"https:\/\/annesuy.fr\/wp-content\/uploads\/2024\/09\/cropped-annesuy-headspa-169-1.png","width":1919,"height":290,"caption":"Anne Suy Massage"},"image":{"@id":"https:\/\/annesuy.fr\/#\/schema\/logo\/image\/"}}]}},"_links":{"self":[{"href":"https:\/\/annesuy.fr\/en\/wp-json\/wp\/v2\/pages\/3761","targetHints":{"allow":["GET"]}}],"collection":[{"href":"https:\/\/annesuy.fr\/en\/wp-json\/wp\/v2\/pages"}],"about":[{"href":"https:\/\/annesuy.fr\/en\/wp-json\/wp\/v2\/types\/page"}],"author":[{"embeddable":true,"href":"https:\/\/annesuy.fr\/en\/wp-json\/wp\/v2\/users\/1"}],"replies":[{"embeddable":true,"href":"https:\/\/annesuy.fr\/en\/wp-json\/wp\/v2\/comments?post=3761"}],"version-history":[{"count":3,"href":"https:\/\/annesuy.fr\/en\/wp-json\/wp\/v2\/pages\/3761\/revisions"}],"predecessor-version":[{"id":3766,"href":"https:\/\/annesuy.fr\/en\/wp-json\/wp\/v2\/pages\/3761\/revisions\/3766"}],"wp:attachment":[{"href":"https:\/\/annesuy.fr\/en\/wp-json\/wp\/v2\/media?parent=3761"}],"curies":[{"name":"wp","href":"https:\/\/api.w.org\/{rel}","templated":true}]}}