{"id":3764,"date":"2025-02-12T23:01:28","date_gmt":"2025-02-12T23:01:28","guid":{"rendered":"https:\/\/annesuy.fr\/?page_id=3764"},"modified":"2025-02-12T23:02:06","modified_gmt":"2025-02-12T23:02:06","slug":"politique-de-cookies","status":"publish","type":"page","link":"https:\/\/annesuy.fr\/en\/politique-de-cookies\/","title":{"rendered":"Politique de Cookies \ud83c\udf6a"},"content":{"rendered":"<style>.wp-block-kadence-advancedheading.kt-adv-heading3764_ce7818-d1, .wp-block-kadence-advancedheading.kt-adv-heading3764_ce7818-d1[data-kb-block=\"kb-adv-heading3764_ce7818-d1\"]{font-size:15px;line-height:2;font-weight:400;font-style:normal;font-family:Poppins;}.wp-block-kadence-advancedheading.kt-adv-heading3764_ce7818-d1 mark.kt-highlight, .wp-block-kadence-advancedheading.kt-adv-heading3764_ce7818-d1[data-kb-block=\"kb-adv-heading3764_ce7818-d1\"] mark.kt-highlight{font-style:normal;color:#f76a0c;-webkit-box-decoration-break:clone;box-decoration-break:clone;padding-top:0px;padding-right:0px;padding-bottom:0px;padding-left:0px;}.wp-block-kadence-advancedheading.kt-adv-heading3764_ce7818-d1 img.kb-inline-image, .wp-block-kadence-advancedheading.kt-adv-heading3764_ce7818-d1[data-kb-block=\"kb-adv-heading3764_ce7818-d1\"] img.kb-inline-image{width:150px;vertical-align:baseline;}@media all and (max-width: 767px){.wp-block-kadence-advancedheading.kt-adv-heading3764_ce7818-d1, .wp-block-kadence-advancedheading.kt-adv-heading3764_ce7818-d1[data-kb-block=\"kb-adv-heading3764_ce7818-d1\"]{font-size:15px;}}<\/style>\n<h2 class=\"kt-adv-heading3764_ce7818-d1 wp-block-kadence-advancedheading has-theme-palette-9-color has-text-color\" data-kb-block=\"kb-adv-heading3764_ce7818-d1\">\ud83d\udcc5 <strong>Date d&rsquo;effet :<\/strong> 12 f\u00e9vrier 2025<br>\ud83d\udcc5 <strong>Derni\u00e8re mise \u00e0 jour :<\/strong> 12 f\u00e9vrier 2025<br><br><strong>\ud83d\udd0e Qu&rsquo;est-ce qu&rsquo;un cookie ?<\/strong><br>Cette politique de cookies explique :<br>\u2705 <strong>Ce que sont les cookies et comment nous les utilisons<\/strong><br>\u2705 <strong>Les types de cookies que nous utilisons<\/strong><br>\u2705 <strong>Les informations que nous collectons via les cookies et comment elles sont utilis\u00e9es<\/strong><br>\u2705 <strong>Comment g\u00e9rer vos pr\u00e9f\u00e9rences en mati\u00e8re de cookies<\/strong><br>Les cookies sont de <strong>petits fichiers texte<\/strong> utilis\u00e9s pour stocker de petites quantit\u00e9s d\u2019informations. Ils sont enregistr\u00e9s sur votre appareil lorsque vous naviguez sur un site web.<br>Ces cookies nous aident \u00e0 :<br>Assurer le bon fonctionnement du site<br>Renforcer la s\u00e9curit\u00e9<br>Offrir une meilleure exp\u00e9rience utilisateur<br>Analyser les performances du site et identifier les axes d&rsquo;am\u00e9lioration<br><br><strong>\u2699\ufe0f Comment utilisons-nous les cookies ?<\/strong><br>Comme la plupart des services en ligne, notre site utilise des <strong>cookies internes (first-party cookies)<\/strong> et <strong>cookies tiers (third-party cookies)<\/strong> pour diff\u00e9rentes finalit\u00e9s :<br><strong>Cookies internes :<\/strong> Essentiels au bon fonctionnement du site. Ils <strong>ne collectent aucune donn\u00e9e personnelle identifiable<\/strong>.<br><strong>Cookies tiers :<\/strong> Utilis\u00e9s principalement pour analyser les performances du site, comprendre votre interaction avec notre site, assurer la s\u00e9curit\u00e9 des services, diffuser des publicit\u00e9s pertinentes et am\u00e9liorer votre exp\u00e9rience utilisateur globale.<br><br><strong>\ud83d\udccc Types de cookies que nous utilisons<\/strong><br>Nous utilisons diff\u00e9rents types de cookies \u00e0 des fins diverses. Vous pouvez g\u00e9rer vos pr\u00e9f\u00e9rences ci-dessous.<\/h2>\n\n\n<style>.wp-block-kadence-advancedbtn.kb-btns3764_2f017c-83{gap:var(--global-kb-gap-xs, 0.5rem );justify-content:flex-start;align-items:center;}.kt-btns3764_2f017c-83 .kt-button{font-weight:normal;font-style:normal;}.kt-btns3764_2f017c-83 .kt-btn-wrap-0{margin-right:5px;}.wp-block-kadence-advancedbtn.kt-btns3764_2f017c-83 .kt-btn-wrap-0 .kt-button{color:#555555;border-color:#555555;}.wp-block-kadence-advancedbtn.kt-btns3764_2f017c-83 .kt-btn-wrap-0 .kt-button:hover, .wp-block-kadence-advancedbtn.kt-btns3764_2f017c-83 .kt-btn-wrap-0 .kt-button:focus{color:#ffffff;border-color:#444444;}.wp-block-kadence-advancedbtn.kt-btns3764_2f017c-83 .kt-btn-wrap-0 .kt-button::before{display:none;}.wp-block-kadence-advancedbtn.kt-btns3764_2f017c-83 .kt-btn-wrap-0 .kt-button:hover, .wp-block-kadence-advancedbtn.kt-btns3764_2f017c-83 .kt-btn-wrap-0 .kt-button:focus{background:#444444;}<\/style>\n<div class=\"wp-block-kadence-advancedbtn kb-buttons-wrap kb-btns3764_2f017c-83\"><style>ul.menu .wp-block-kadence-advancedbtn .kb-btn3764_dc5ce5-d3.kb-button{width:initial;}.wp-block-kadence-advancedbtn .kb-btn3764_dc5ce5-d3.kb-button{font-size:20px;font-family:Poppins;font-weight:400;}<\/style><span class=\"kb-button kt-button button kb-btn3764_dc5ce5-d3 kt-btn-size-standard kt-btn-width-type-auto kb-btn-global-fill  kt-btn-has-text-true kt-btn-has-svg-false  cky-banner-element wp-block-kadence-singlebtn\"><span class=\"kt-btn-inner-text\">Mes pr\u00e9f\u00e9rences<\/span><\/span><\/div>\n\n\n<style>.wp-block-kadence-advancedheading.kt-adv-heading3764_a5dfbe-1a, .wp-block-kadence-advancedheading.kt-adv-heading3764_a5dfbe-1a[data-kb-block=\"kb-adv-heading3764_a5dfbe-1a\"]{font-size:15px;line-height:2;font-weight:400;font-style:normal;font-family:Poppins;}.wp-block-kadence-advancedheading.kt-adv-heading3764_a5dfbe-1a mark.kt-highlight, .wp-block-kadence-advancedheading.kt-adv-heading3764_a5dfbe-1a[data-kb-block=\"kb-adv-heading3764_a5dfbe-1a\"] mark.kt-highlight{font-style:normal;color:#f76a0c;-webkit-box-decoration-break:clone;box-decoration-break:clone;padding-top:0px;padding-right:0px;padding-bottom:0px;padding-left:0px;}.wp-block-kadence-advancedheading.kt-adv-heading3764_a5dfbe-1a img.kb-inline-image, .wp-block-kadence-advancedheading.kt-adv-heading3764_a5dfbe-1a[data-kb-block=\"kb-adv-heading3764_a5dfbe-1a\"] img.kb-inline-image{width:150px;vertical-align:baseline;}@media all and (max-width: 767px){.wp-block-kadence-advancedheading.kt-adv-heading3764_a5dfbe-1a, .wp-block-kadence-advancedheading.kt-adv-heading3764_a5dfbe-1a[data-kb-block=\"kb-adv-heading3764_a5dfbe-1a\"]{font-size:15px;}}<\/style>\n<h2 class=\"kt-adv-heading3764_a5dfbe-1a wp-block-kadence-advancedheading has-theme-palette-9-color has-text-color\" data-kb-block=\"kb-adv-heading3764_a5dfbe-1a\">\ud83d\udd18 <strong>Param\u00e8tres des cookies<\/strong><br>Vous pouvez modifier vos pr\u00e9f\u00e9rences en mati\u00e8re de cookies \u00e0 tout moment en cliquant sur le bouton ci-dessus. Cela vous permettra de revoir la banni\u00e8re de consentement aux cookies et d\u2019ajuster vos choix ou de retirer votre consentement imm\u00e9diatement.<br>De plus, la plupart des navigateurs offrent la possibilit\u00e9 de <strong>bloquer ou supprimer les cookies<\/strong> via leurs param\u00e8tres. Voici les liens pour g\u00e9rer les cookies sur les principaux navigateurs :<br>\ud83d\udd39 <strong>Chrome :<\/strong> <a href=\"https:\/\/support.google.com\/accounts\/answer\/32050\">G\u00e9rer les cookies<\/a><br>\ud83d\udd39 <strong>Safari :<\/strong> <a href=\"https:\/\/support.apple.com\/en-in\/guide\/safari\/sfri11471\/mac\">G\u00e9rer les cookies<\/a><br>\ud83d\udd39 <strong>Firefox :<\/strong> <a href=\"https:\/\/support.mozilla.org\/en-US\/kb\/clear-cookies-and-site-data-firefox?redirectslug=delete-cookies-remove-info-websites-stored&amp;redirectlocale=en-US\">G\u00e9rer les cookies<\/a><br>\ud83d\udd39 <strong>Internet Explorer :<\/strong> <a href=\"https:\/\/support.microsoft.com\/en-us\/topic\/how-to-delete-cookie-files-in-internet-explorer-bca9446f-d873-78de-77ba-d42645fa52fc\">G\u00e9rer les cookies<\/a><br>Si vous utilisez un autre navigateur, veuillez consulter la <strong>documentation officielle<\/strong> de votre navigateur.<\/h2>\n","protected":false},"excerpt":{"rendered":"<p>\ud83d\udcc5 Date d&rsquo;effet : 12 f\u00e9vrier 2025\ud83d\udcc5 Derni\u00e8re mise \u00e0 jour : 12 f\u00e9vrier 2025 \ud83d\udd0e Qu&rsquo;est-ce qu&rsquo;un cookie ?Cette politique de cookies explique :\u2705 Ce que sont les cookies et comment nous les utilisons\u2705 Les types de cookies que nous utilisons\u2705 Les informations que nous collectons via les cookies et comment elles sont utilis\u00e9es\u2705&#8230;<\/p>","protected":false},"author":1,"featured_media":0,"parent":0,"menu_order":0,"comment_status":"closed","ping_status":"closed","template":"","meta":{"_surecart_dashboard_logo_width":"180px","_surecart_dashboard_show_logo":true,"_surecart_dashboard_navigation_orders":true,"_surecart_dashboard_navigation_invoices":true,"_surecart_dashboard_navigation_subscriptions":true,"_surecart_dashboard_navigation_downloads":true,"_surecart_dashboard_navigation_billing":true,"_surecart_dashboard_navigation_account":true,"_kad_post_transparent":"","_kad_post_title":"","_kad_post_layout":"","_kad_post_sidebar_id":"","_kad_post_content_style":"","_kad_post_vertical_padding":"","_kad_post_feature":"","_kad_post_feature_position":"","_kad_post_header":false,"_kad_post_footer":false,"footnotes":""},"class_list":["post-3764","page","type-page","status-publish","hentry"],"yoast_head":"<!-- This site is optimized with the Yoast SEO plugin v27.5 - https:\/\/yoast.com\/product\/yoast-seo-wordpress\/ -->\n<title>Politique de Cookies \ud83c\udf6a - Anne Suy Massage<\/title>\n<meta name=\"robots\" content=\"index, follow, max-snippet:-1, max-image-preview:large, max-video-preview:-1\" \/>\n<link rel=\"canonical\" href=\"https:\/\/annesuy.fr\/en\/politique-de-cookies\/\" \/>\n<meta property=\"og:locale\" content=\"en_US\" \/>\n<meta property=\"og:type\" content=\"article\" \/>\n<meta property=\"og:title\" content=\"Politique de Cookies \ud83c\udf6a - Anne Suy Massage\" \/>\n<meta property=\"og:description\" content=\"\ud83d\udcc5 Date d&rsquo;effet : 12 f\u00e9vrier 2025\ud83d\udcc5 Derni\u00e8re mise \u00e0 jour : 12 f\u00e9vrier 2025 \ud83d\udd0e Qu&rsquo;est-ce qu&rsquo;un cookie ?Cette politique de cookies explique :\u2705 Ce que sont les cookies et comment nous les utilisons\u2705 Les types de cookies que nous utilisons\u2705 Les informations que nous collectons via les cookies et comment elles sont utilis\u00e9es\u2705...\" \/>\n<meta property=\"og:url\" content=\"https:\/\/annesuy.fr\/en\/politique-de-cookies\/\" \/>\n<meta property=\"og:site_name\" content=\"Anne Suy Massage\" \/>\n<meta property=\"article:modified_time\" content=\"2025-02-12T23:02:06+00:00\" \/>\n<meta name=\"twitter:card\" content=\"summary_large_image\" \/>\n<meta name=\"twitter:label1\" content=\"Est. reading time\" \/>\n\t<meta name=\"twitter:data1\" content=\"2 minutes\" \/>\n<script type=\"application\/ld+json\" class=\"yoast-schema-graph\">{\"@context\":\"https:\\\/\\\/schema.org\",\"@graph\":[{\"@type\":\"WebPage\",\"@id\":\"https:\\\/\\\/annesuy.fr\\\/politique-de-cookies\\\/\",\"url\":\"https:\\\/\\\/annesuy.fr\\\/politique-de-cookies\\\/\",\"name\":\"Politique de Cookies \ud83c\udf6a - Anne Suy Massage\",\"isPartOf\":{\"@id\":\"https:\\\/\\\/annesuy.fr\\\/#website\"},\"datePublished\":\"2025-02-12T23:01:28+00:00\",\"dateModified\":\"2025-02-12T23:02:06+00:00\",\"breadcrumb\":{\"@id\":\"https:\\\/\\\/annesuy.fr\\\/politique-de-cookies\\\/#breadcrumb\"},\"inLanguage\":\"en-US\",\"potentialAction\":[{\"@type\":\"ReadAction\",\"target\":[\"https:\\\/\\\/annesuy.fr\\\/politique-de-cookies\\\/\"]}]},{\"@type\":\"BreadcrumbList\",\"@id\":\"https:\\\/\\\/annesuy.fr\\\/politique-de-cookies\\\/#breadcrumb\",\"itemListElement\":[{\"@type\":\"ListItem\",\"position\":1,\"name\":\"Accueil\",\"item\":\"https:\\\/\\\/annesuy.fr\\\/\"},{\"@type\":\"ListItem\",\"position\":2,\"name\":\"Politique de Cookies \ud83c\udf6a\"}]},{\"@type\":\"WebSite\",\"@id\":\"https:\\\/\\\/annesuy.fr\\\/#website\",\"url\":\"https:\\\/\\\/annesuy.fr\\\/\",\"name\":\"Anne Suy Massage\",\"description\":\"Anne SUY Cr\u00e9atrice de Massages\",\"publisher\":{\"@id\":\"https:\\\/\\\/annesuy.fr\\\/#organization\"},\"potentialAction\":[{\"@type\":\"SearchAction\",\"target\":{\"@type\":\"EntryPoint\",\"urlTemplate\":\"https:\\\/\\\/annesuy.fr\\\/?s={search_term_string}\"},\"query-input\":{\"@type\":\"PropertyValueSpecification\",\"valueRequired\":true,\"valueName\":\"search_term_string\"}}],\"inLanguage\":\"en-US\"},{\"@type\":\"Organization\",\"@id\":\"https:\\\/\\\/annesuy.fr\\\/#organization\",\"name\":\"Anne Suy Massage\",\"url\":\"https:\\\/\\\/annesuy.fr\\\/\",\"logo\":{\"@type\":\"ImageObject\",\"inLanguage\":\"en-US\",\"@id\":\"https:\\\/\\\/annesuy.fr\\\/#\\\/schema\\\/logo\\\/image\\\/\",\"url\":\"https:\\\/\\\/annesuy.fr\\\/wp-content\\\/uploads\\\/2024\\\/09\\\/cropped-annesuy-headspa-169-1.png\",\"contentUrl\":\"https:\\\/\\\/annesuy.fr\\\/wp-content\\\/uploads\\\/2024\\\/09\\\/cropped-annesuy-headspa-169-1.png\",\"width\":1919,\"height\":290,\"caption\":\"Anne Suy Massage\"},\"image\":{\"@id\":\"https:\\\/\\\/annesuy.fr\\\/#\\\/schema\\\/logo\\\/image\\\/\"}}]}<\/script>\n<!-- \/ Yoast SEO plugin. -->","yoast_head_json":{"title":"Politique de Cookies \ud83c\udf6a - Anne Suy Massage","robots":{"index":"index","follow":"follow","max-snippet":"max-snippet:-1","max-image-preview":"max-image-preview:large","max-video-preview":"max-video-preview:-1"},"canonical":"https:\/\/annesuy.fr\/en\/politique-de-cookies\/","og_locale":"en_US","og_type":"article","og_title":"Politique de Cookies \ud83c\udf6a - Anne Suy Massage","og_description":"\ud83d\udcc5 Date d&rsquo;effet : 12 f\u00e9vrier 2025\ud83d\udcc5 Derni\u00e8re mise \u00e0 jour : 12 f\u00e9vrier 2025 \ud83d\udd0e Qu&rsquo;est-ce qu&rsquo;un cookie ?Cette politique de cookies explique :\u2705 Ce que sont les cookies et comment nous les utilisons\u2705 Les types de cookies que nous utilisons\u2705 Les informations que nous collectons via les cookies et comment elles sont utilis\u00e9es\u2705...","og_url":"https:\/\/annesuy.fr\/en\/politique-de-cookies\/","og_site_name":"Anne Suy Massage","article_modified_time":"2025-02-12T23:02:06+00:00","twitter_card":"summary_large_image","twitter_misc":{"Est. reading time":"2 minutes"},"schema":{"@context":"https:\/\/schema.org","@graph":[{"@type":"WebPage","@id":"https:\/\/annesuy.fr\/politique-de-cookies\/","url":"https:\/\/annesuy.fr\/politique-de-cookies\/","name":"Politique de Cookies \ud83c\udf6a - Anne Suy Massage","isPartOf":{"@id":"https:\/\/annesuy.fr\/#website"},"datePublished":"2025-02-12T23:01:28+00:00","dateModified":"2025-02-12T23:02:06+00:00","breadcrumb":{"@id":"https:\/\/annesuy.fr\/politique-de-cookies\/#breadcrumb"},"inLanguage":"en-US","potentialAction":[{"@type":"ReadAction","target":["https:\/\/annesuy.fr\/politique-de-cookies\/"]}]},{"@type":"BreadcrumbList","@id":"https:\/\/annesuy.fr\/politique-de-cookies\/#breadcrumb","itemListElement":[{"@type":"ListItem","position":1,"name":"Accueil","item":"https:\/\/annesuy.fr\/"},{"@type":"ListItem","position":2,"name":"Politique de Cookies \ud83c\udf6a"}]},{"@type":"WebSite","@id":"https:\/\/annesuy.fr\/#website","url":"https:\/\/annesuy.fr\/","name":"Anne Suy Massage","description":"Anne SUY Massage Creator","publisher":{"@id":"https:\/\/annesuy.fr\/#organization"},"potentialAction":[{"@type":"SearchAction","target":{"@type":"EntryPoint","urlTemplate":"https:\/\/annesuy.fr\/?s={search_term_string}"},"query-input":{"@type":"PropertyValueSpecification","valueRequired":true,"valueName":"search_term_string"}}],"inLanguage":"en-US"},{"@type":"Organization","@id":"https:\/\/annesuy.fr\/#organization","name":"Anne Suy Massage","url":"https:\/\/annesuy.fr\/","logo":{"@type":"ImageObject","inLanguage":"en-US","@id":"https:\/\/annesuy.fr\/#\/schema\/logo\/image\/","url":"https:\/\/annesuy.fr\/wp-content\/uploads\/2024\/09\/cropped-annesuy-headspa-169-1.png","contentUrl":"https:\/\/annesuy.fr\/wp-content\/uploads\/2024\/09\/cropped-annesuy-headspa-169-1.png","width":1919,"height":290,"caption":"Anne Suy Massage"},"image":{"@id":"https:\/\/annesuy.fr\/#\/schema\/logo\/image\/"}}]}},"_links":{"self":[{"href":"https:\/\/annesuy.fr\/en\/wp-json\/wp\/v2\/pages\/3764","targetHints":{"allow":["GET"]}}],"collection":[{"href":"https:\/\/annesuy.fr\/en\/wp-json\/wp\/v2\/pages"}],"about":[{"href":"https:\/\/annesuy.fr\/en\/wp-json\/wp\/v2\/types\/page"}],"author":[{"embeddable":true,"href":"https:\/\/annesuy.fr\/en\/wp-json\/wp\/v2\/users\/1"}],"replies":[{"embeddable":true,"href":"https:\/\/annesuy.fr\/en\/wp-json\/wp\/v2\/comments?post=3764"}],"version-history":[{"count":1,"href":"https:\/\/annesuy.fr\/en\/wp-json\/wp\/v2\/pages\/3764\/revisions"}],"predecessor-version":[{"id":3765,"href":"https:\/\/annesuy.fr\/en\/wp-json\/wp\/v2\/pages\/3764\/revisions\/3765"}],"wp:attachment":[{"href":"https:\/\/annesuy.fr\/en\/wp-json\/wp\/v2\/media?parent=3764"}],"curies":[{"name":"wp","href":"https:\/\/api.w.org\/{rel}","templated":true}]}}