{"id":990,"date":"2024-01-02T16:04:46","date_gmt":"2024-01-02T16:04:46","guid":{"rendered":"https:\/\/annesuy.fr\/verifier\/"},"modified":"2025-10-10T19:50:15","modified_gmt":"2025-10-10T19:50:15","slug":"paiement","status":"publish","type":"page","link":"https:\/\/annesuy.fr\/en\/paiement\/","title":{"rendered":"Paiement"},"content":{"rendered":"<style>.kb-row-layout-id990_9b121b-42 > .kt-row-column-wrap{align-content:start;}:where(.kb-row-layout-id990_9b121b-42 > .kt-row-column-wrap) > .wp-block-kadence-column{justify-content:start;}.kb-row-layout-id990_9b121b-42 > .kt-row-column-wrap{column-gap:var(--global-kb-gap-md, 2rem);row-gap:var(--global-kb-gap-md, 2rem);padding-top:0px;padding-bottom:var(--global-kb-spacing-sm, 1.5rem);grid-template-columns:minmax(0, 1fr);}.kb-row-layout-id990_9b121b-42 > .kt-row-layout-overlay{opacity:0.30;}@media all and (max-width: 1024px){.kb-row-layout-id990_9b121b-42 > .kt-row-column-wrap{grid-template-columns:minmax(0, 1fr);}}@media all and (max-width: 767px){.kb-row-layout-id990_9b121b-42 > .kt-row-column-wrap{grid-template-columns:minmax(0, 1fr);}}<\/style><div class=\"kb-row-layout-wrap kb-row-layout-id990_9b121b-42 alignnone wp-block-kadence-rowlayout\"><div class=\"kt-row-column-wrap kt-has-1-columns kt-row-layout-equal kt-tab-layout-inherit kt-mobile-layout-row kt-row-valign-top\">\n<style>.kadence-column990_d0a5d1-de > .kt-inside-inner-col,.kadence-column990_d0a5d1-de > .kt-inside-inner-col:before{border-top-left-radius:0px;border-top-right-radius:0px;border-bottom-right-radius:0px;border-bottom-left-radius:0px;}.kadence-column990_d0a5d1-de > .kt-inside-inner-col{column-gap:var(--global-kb-gap-sm, 1rem);}.kadence-column990_d0a5d1-de > .kt-inside-inner-col{flex-direction:column;}.kadence-column990_d0a5d1-de > .kt-inside-inner-col > .aligncenter{width:100%;}.kadence-column990_d0a5d1-de > .kt-inside-inner-col:before{opacity:0.3;}.kadence-column990_d0a5d1-de{position:relative;}@media all and (max-width: 1024px){.kadence-column990_d0a5d1-de > .kt-inside-inner-col{flex-direction:column;justify-content:center;}}@media all and (max-width: 767px){.kadence-column990_d0a5d1-de > .kt-inside-inner-col{flex-direction:column;justify-content:center;}.kadence-column990_d0a5d1-de, .kt-inside-inner-col > .kadence-column990_d0a5d1-de:not(.specificity){margin-right:var(--global-kb-spacing-xxs, 0.5rem);margin-left:var(--global-kb-spacing-xxs, 0.5rem);}}<\/style>\n<div class=\"wp-block-kadence-column kadence-column990_d0a5d1-de\"><div class=\"kt-inside-inner-col\"><style>.wp-block-kadence-advancedheading.kt-adv-heading990_067806-57, .wp-block-kadence-advancedheading.kt-adv-heading990_067806-57[data-kb-block=\"kb-adv-heading990_067806-57\"]{text-align:center;font-size:40px;font-weight:600;font-style:normal;font-family:Poppins;}.wp-block-kadence-advancedheading.kt-adv-heading990_067806-57 mark.kt-highlight, .wp-block-kadence-advancedheading.kt-adv-heading990_067806-57[data-kb-block=\"kb-adv-heading990_067806-57\"] mark.kt-highlight{font-style:normal;color:#f76a0c;-webkit-box-decoration-break:clone;box-decoration-break:clone;padding-top:0px;padding-right:0px;padding-bottom:0px;padding-left:0px;}.wp-block-kadence-advancedheading.kt-adv-heading990_067806-57 img.kb-inline-image, .wp-block-kadence-advancedheading.kt-adv-heading990_067806-57[data-kb-block=\"kb-adv-heading990_067806-57\"] img.kb-inline-image{width:150px;vertical-align:baseline;}@media all and (max-width: 767px){.wp-block-kadence-advancedheading.kt-adv-heading990_067806-57, .wp-block-kadence-advancedheading.kt-adv-heading990_067806-57[data-kb-block=\"kb-adv-heading990_067806-57\"]{font-size:30px;text-align:left!important;}}<\/style>\n<h2 class=\"kt-adv-heading990_067806-57 wp-block-kadence-advancedheading has-theme-palette-9-color has-text-color\" data-kb-block=\"kb-adv-heading990_067806-57\">Paiement de votre Carte Cadeau \ud83d\udc8c<\/h2>\n\n\n<style>.wp-block-kadence-advancedheading.kt-adv-heading990_398ab2-58, .wp-block-kadence-advancedheading.kt-adv-heading990_398ab2-58[data-kb-block=\"kb-adv-heading990_398ab2-58\"]{text-align:center;font-size:15px;font-weight:400;font-style:normal;font-family:Poppins;}.wp-block-kadence-advancedheading.kt-adv-heading990_398ab2-58 mark.kt-highlight, .wp-block-kadence-advancedheading.kt-adv-heading990_398ab2-58[data-kb-block=\"kb-adv-heading990_398ab2-58\"] mark.kt-highlight{font-style:normal;color:#f76a0c;-webkit-box-decoration-break:clone;box-decoration-break:clone;padding-top:0px;padding-right:0px;padding-bottom:0px;padding-left:0px;}.wp-block-kadence-advancedheading.kt-adv-heading990_398ab2-58 img.kb-inline-image, .wp-block-kadence-advancedheading.kt-adv-heading990_398ab2-58[data-kb-block=\"kb-adv-heading990_398ab2-58\"] img.kb-inline-image{width:150px;vertical-align:baseline;}@media all and (max-width: 767px){.wp-block-kadence-advancedheading.kt-adv-heading990_398ab2-58, .wp-block-kadence-advancedheading.kt-adv-heading990_398ab2-58[data-kb-block=\"kb-adv-heading990_398ab2-58\"]{text-align:left!important;}}<\/style>\n<p class=\"kt-adv-heading990_398ab2-58 wp-block-kadence-advancedheading has-theme-palette-9-color has-text-color\" data-kb-block=\"kb-adv-heading990_398ab2-58\">PS : Une fois le paiement effectu\u00e9, vous serez redirig\u00e9 sur un formulaire pour \u00e9diter votre carte cadeau personnalis\u00e9e.<\/p>\n\n\n<div class=\"wp-block-surecart-checkout-form\"><sc-checkout\n\tclass=\"checkout\"\n\tid=\"sc-checkout-989\"\n\tclass=\"\"\n\tstyle=\"text-align: left;--sc-form-row-spacing: 25px;\"\n\tmodified=\"2026-01-06 16:19:43\"\n\talignment=\"\"\n\tsuccess-url=\"https:\/\/annesuy.fr\/editer-votre-carte-cadeau\/\"\n>\n\t<sc-form>\n\t\t\t\t\t<sc-checkbox name=\"get_feedback\" value=\"Feedback\" style=\"display: none !important;\"><\/sc-checkbox>\n\t\t\t\t\n\n<div class=\"wp-block-surecart-columns is-full-height is-reversed-on-mobile has-background is-layout-flex wp-block-surecart-columns-is-layout-flex\" style=\"background-color:#f3f4f6\">\n<div class=\"wp-block-surecart-column is-layout-constrained is-horizontally-aligned-right has-white-background-color has-background\" style=\"padding-top:60px;padding-right:60px;padding-bottom:60px;padding-left:60px;--sc-column-content-width:450px;--sc-form-row-spacing:30px\">\n<sc-checkout-form-errors><\/sc-checkout-form-errors>\n\n\n\n\t\t<sc-customer-email\n\t\t\tclass=\"\"\n\t\t\tlabel=\"Email\"\n\t\t\tplaceholder=\"your@email.com\"\t\t\t\t\t\t\t\t\t\t\t\trequired\n\t\t\tautocomplete='email'\n\t\t\tinputmode='email'\n\t\t>\n\t\t<\/sc-customer-email>\n\n\t\t\n\n\n<sc-customer-name label=\"Name\" placeholder=\"Your Full Name\" required class=\"wp-block-surecart-name\"><\/sc-customer-name>\n\n\n\n<div class=\"wp-block-group\"><div class=\"wp-block-group__inner-container is-layout-constrained wp-block-group-is-layout-constrained\">\n<h2 class=\"wp-block-heading\"><strong>Editer votre&nbsp;Carte Cadeau personnalis\u00e9e&nbsp;\ud83d\udc8c&nbsp;<\/strong><\/h2>\n\n\n\n<sc-input label=\"Pr\u00e9nom Nom du b\u00e9n\u00e9ficiaire\" name=\"beneficiaire\" placeholder=\"\" size=\"medium\" value=\"\" required class=\"wp-block-surecart-input\"><\/sc-input>\n\n\n\n<sc-input label=\"Message personnalis\u00e9 pour la carte cadeau\" name=\"msg_perso\" placeholder=\"\" size=\"medium\" value=\"\" required class=\"wp-block-surecart-input\"><\/sc-input>\n\n\n\n<p class=\"has-theme-palette-3-color has-text-color has-link-color wp-elements-6e9b0da7973be0357bead6b17b6cbd2a\"><strong>Votre carte cadeau est faite manuellement et vous sera envoy\u00e9 par mail dans les plus bref d\u00e9lais <\/strong>\ud83d\udc8c<\/p>\n<\/div><\/div>\n\n\n\n\t\t<sc-payment\n\t\t\tid=\"sc-payment-0\"\n\t\t\tclass=\"\"\n\t\t>\n\t\t\t\t\t\t\t<sc-stripe-payment-element slot=\"stripe\"><\/sc-stripe-payment-element>\n\t\t\t\n\t\t\t\t\t<\/sc-payment>\n\t\t\n\n\t\t<sc-order-submit\n\t\t\ttype=\"primary\"\n\t\t\tfull=\"true\"\n\t\t\tsize=\"large\"\n\t\t\ticon=\"lock\"\t\t\tshow-total=\"true\"\n\t\t\tsecure-notice=\"true\"\n\t\t\tsecure-notice-text=\"This is a secure, encrypted payment.\"\n\t\t\t\t\t\t\t\t\tclass=\"wp-block-surecart-submit\"\n\t\t>Commander<\/sc-order-submit>\n\t\t<\/div>\n\n\n\n<div class=\"wp-block-surecart-column is-sticky is-layout-constrained is-horizontally-aligned-left\" style=\"padding-top:60px;padding-right:60px;padding-bottom:60px;padding-left:60px;--sc-column-content-width:450px;--sc-form-row-spacing:30px\">\n<sc-order-summary collapsible=\"1\" order-summary-text=\"Summary\" invoice-summary-text=\"Invoice Summary\" collapsed-on-mobile=\"1\" class=\"wp-block-surecart-totals\">\n<sc-divider><\/sc-divider>\n\n\n\n<sc-line-items removable=\"1\" editable=\"1\" class=\"wp-block-surecart-line-items\"><\/sc-line-items>\n\n\n\n<sc-divider><\/sc-divider>\n\n\n\n<sc-line-item-total total=\"subtotal\" class=\"wp-block-surecart-subtotal\"><span slot=\"description\">Subtotal<\/span><span slot=\"total-payments-description\">Total Installment Payments<\/span><span slot=\"first-payment-subtotal-description\">Initial Payment<\/span><\/sc-line-item-total>\n\n\n\t\t<sc-order-coupon-form\n\t\t\tlabel=\"\"\n\t\t\tplaceholder=\"Entrer le code de r\u00e9duction\"\n\t\t\tbutton-text=\"\"\n\t\t\tcollapsed>\n\t\t<\/sc-order-coupon-form>\n\t\t\n\n\n<sc-line-item-tax class=\"wp-block-surecart-tax-line-item\"><\/sc-line-item-tax>\n\n\n\n<sc-divider><\/sc-divider>\n\n\n\n<sc-line-item-total total=\"total\" size=\"large\" show-currency=\"1\" class=\"wp-block-surecart-total\"><span slot=\"title\">Total<\/span><span slot=\"subscription-title\">Total Due Today<\/span><span slot=\"first-payment-total-description\">Total<\/span><span slot=\"free-trial-description\">Essai gratuit<\/span><span slot=\"due-amount-description\">Montant d\u00fb<\/span><\/sc-line-item-total>\n<\/sc-order-summary>\n<\/div>\n<\/div>\n\n\t<\/sc-form>\n<\/sc-checkout>\n<\/div><\/div><\/div>\n\n<\/div><\/div>","protected":false},"excerpt":{"rendered":"<p>Paiement de votre Carte Cadeau \ud83d\udc8c PS : Une fois le paiement effectu\u00e9, vous serez redirig\u00e9 sur un formulaire pour \u00e9diter votre carte cadeau personnalis\u00e9e.<\/p>","protected":false},"author":1,"featured_media":0,"parent":0,"menu_order":0,"comment_status":"closed","ping_status":"closed","template":"","meta":{"_surecart_dashboard_logo_width":"180px","_surecart_dashboard_show_logo":true,"_surecart_dashboard_navigation_orders":true,"_surecart_dashboard_navigation_invoices":true,"_surecart_dashboard_navigation_subscriptions":true,"_surecart_dashboard_navigation_downloads":true,"_surecart_dashboard_navigation_billing":true,"_surecart_dashboard_navigation_account":true,"_kad_post_transparent":"enable","_kad_post_title":"hide","_kad_post_layout":"fullwidth","_kad_post_sidebar_id":"","_kad_post_content_style":"unboxed","_kad_post_vertical_padding":"","_kad_post_feature":"hide","_kad_post_feature_position":"","_kad_post_header":false,"_kad_post_footer":false,"footnotes":""},"class_list":["post-990","page","type-page","status-publish","hentry"],"yoast_head":"<!-- This site is optimized with the Yoast SEO plugin v27.5 - https:\/\/yoast.com\/product\/yoast-seo-wordpress\/ -->\n<title>Paiement - Anne Suy Massage<\/title>\n<meta name=\"robots\" content=\"index, follow, max-snippet:-1, max-image-preview:large, max-video-preview:-1\" \/>\n<link rel=\"canonical\" href=\"https:\/\/annesuy.fr\/en\/paiement\/\" \/>\n<meta property=\"og:locale\" content=\"en_US\" \/>\n<meta property=\"og:type\" content=\"article\" \/>\n<meta property=\"og:title\" content=\"Paiement - Anne Suy Massage\" \/>\n<meta property=\"og:description\" content=\"Paiement de votre Carte Cadeau \ud83d\udc8c PS : Une fois le paiement effectu\u00e9, vous serez redirig\u00e9 sur un formulaire pour \u00e9diter votre carte cadeau personnalis\u00e9e.\" \/>\n<meta property=\"og:url\" content=\"https:\/\/annesuy.fr\/en\/paiement\/\" \/>\n<meta property=\"og:site_name\" content=\"Anne Suy Massage\" \/>\n<meta property=\"article:modified_time\" content=\"2025-10-10T19:50:15+00:00\" \/>\n<meta property=\"og:image\" content=\"https:\/\/annesuy.fr\/wp-content\/uploads\/2024\/09\/templates-carte-kdo-edited.png\" \/>\n<meta name=\"twitter:card\" content=\"summary_large_image\" \/>\n<meta name=\"twitter:label1\" content=\"Est. reading time\" \/>\n\t<meta name=\"twitter:data1\" content=\"1 minute\" \/>\n<script type=\"application\/ld+json\" class=\"yoast-schema-graph\">{\"@context\":\"https:\\\/\\\/schema.org\",\"@graph\":[{\"@type\":\"WebPage\",\"@id\":\"https:\\\/\\\/annesuy.fr\\\/paiement\\\/\",\"url\":\"https:\\\/\\\/annesuy.fr\\\/paiement\\\/\",\"name\":\"Paiement - Anne Suy Massage\",\"isPartOf\":{\"@id\":\"https:\\\/\\\/annesuy.fr\\\/#website\"},\"datePublished\":\"2024-01-02T16:04:46+00:00\",\"dateModified\":\"2025-10-10T19:50:15+00:00\",\"breadcrumb\":{\"@id\":\"https:\\\/\\\/annesuy.fr\\\/paiement\\\/#breadcrumb\"},\"inLanguage\":\"en-US\",\"potentialAction\":[{\"@type\":\"ReadAction\",\"target\":[\"https:\\\/\\\/annesuy.fr\\\/paiement\\\/\"]}]},{\"@type\":\"BreadcrumbList\",\"@id\":\"https:\\\/\\\/annesuy.fr\\\/paiement\\\/#breadcrumb\",\"itemListElement\":[{\"@type\":\"ListItem\",\"position\":1,\"name\":\"Accueil\",\"item\":\"https:\\\/\\\/annesuy.fr\\\/\"},{\"@type\":\"ListItem\",\"position\":2,\"name\":\"Paiement\"}]},{\"@type\":\"WebSite\",\"@id\":\"https:\\\/\\\/annesuy.fr\\\/#website\",\"url\":\"https:\\\/\\\/annesuy.fr\\\/\",\"name\":\"Anne Suy Massage\",\"description\":\"Anne SUY Cr\u00e9atrice de Massages\",\"publisher\":{\"@id\":\"https:\\\/\\\/annesuy.fr\\\/#organization\"},\"potentialAction\":[{\"@type\":\"SearchAction\",\"target\":{\"@type\":\"EntryPoint\",\"urlTemplate\":\"https:\\\/\\\/annesuy.fr\\\/?s={search_term_string}\"},\"query-input\":{\"@type\":\"PropertyValueSpecification\",\"valueRequired\":true,\"valueName\":\"search_term_string\"}}],\"inLanguage\":\"en-US\"},{\"@type\":\"Organization\",\"@id\":\"https:\\\/\\\/annesuy.fr\\\/#organization\",\"name\":\"Anne Suy Massage\",\"url\":\"https:\\\/\\\/annesuy.fr\\\/\",\"logo\":{\"@type\":\"ImageObject\",\"inLanguage\":\"en-US\",\"@id\":\"https:\\\/\\\/annesuy.fr\\\/#\\\/schema\\\/logo\\\/image\\\/\",\"url\":\"https:\\\/\\\/annesuy.fr\\\/wp-content\\\/uploads\\\/2024\\\/09\\\/cropped-annesuy-headspa-169-1.png\",\"contentUrl\":\"https:\\\/\\\/annesuy.fr\\\/wp-content\\\/uploads\\\/2024\\\/09\\\/cropped-annesuy-headspa-169-1.png\",\"width\":1919,\"height\":290,\"caption\":\"Anne Suy Massage\"},\"image\":{\"@id\":\"https:\\\/\\\/annesuy.fr\\\/#\\\/schema\\\/logo\\\/image\\\/\"}}]}<\/script>\n<!-- \/ Yoast SEO plugin. -->","yoast_head_json":{"title":"Paiement - Anne Suy Massage","robots":{"index":"index","follow":"follow","max-snippet":"max-snippet:-1","max-image-preview":"max-image-preview:large","max-video-preview":"max-video-preview:-1"},"canonical":"https:\/\/annesuy.fr\/en\/paiement\/","og_locale":"en_US","og_type":"article","og_title":"Paiement - Anne Suy Massage","og_description":"Paiement de votre Carte Cadeau \ud83d\udc8c PS : Une fois le paiement effectu\u00e9, vous serez redirig\u00e9 sur un formulaire pour \u00e9diter votre carte cadeau personnalis\u00e9e.","og_url":"https:\/\/annesuy.fr\/en\/paiement\/","og_site_name":"Anne Suy Massage","article_modified_time":"2025-10-10T19:50:15+00:00","og_image":[{"url":"https:\/\/annesuy.fr\/wp-content\/uploads\/2024\/09\/templates-carte-kdo-edited.png","type":"","width":"","height":""}],"twitter_card":"summary_large_image","twitter_misc":{"Est. reading time":"1 minute"},"schema":{"@context":"https:\/\/schema.org","@graph":[{"@type":"WebPage","@id":"https:\/\/annesuy.fr\/paiement\/","url":"https:\/\/annesuy.fr\/paiement\/","name":"Paiement - Anne Suy Massage","isPartOf":{"@id":"https:\/\/annesuy.fr\/#website"},"datePublished":"2024-01-02T16:04:46+00:00","dateModified":"2025-10-10T19:50:15+00:00","breadcrumb":{"@id":"https:\/\/annesuy.fr\/paiement\/#breadcrumb"},"inLanguage":"en-US","potentialAction":[{"@type":"ReadAction","target":["https:\/\/annesuy.fr\/paiement\/"]}]},{"@type":"BreadcrumbList","@id":"https:\/\/annesuy.fr\/paiement\/#breadcrumb","itemListElement":[{"@type":"ListItem","position":1,"name":"Accueil","item":"https:\/\/annesuy.fr\/"},{"@type":"ListItem","position":2,"name":"Paiement"}]},{"@type":"WebSite","@id":"https:\/\/annesuy.fr\/#website","url":"https:\/\/annesuy.fr\/","name":"Anne Suy Massage","description":"Anne SUY Massage Creator","publisher":{"@id":"https:\/\/annesuy.fr\/#organization"},"potentialAction":[{"@type":"SearchAction","target":{"@type":"EntryPoint","urlTemplate":"https:\/\/annesuy.fr\/?s={search_term_string}"},"query-input":{"@type":"PropertyValueSpecification","valueRequired":true,"valueName":"search_term_string"}}],"inLanguage":"en-US"},{"@type":"Organization","@id":"https:\/\/annesuy.fr\/#organization","name":"Anne Suy Massage","url":"https:\/\/annesuy.fr\/","logo":{"@type":"ImageObject","inLanguage":"en-US","@id":"https:\/\/annesuy.fr\/#\/schema\/logo\/image\/","url":"https:\/\/annesuy.fr\/wp-content\/uploads\/2024\/09\/cropped-annesuy-headspa-169-1.png","contentUrl":"https:\/\/annesuy.fr\/wp-content\/uploads\/2024\/09\/cropped-annesuy-headspa-169-1.png","width":1919,"height":290,"caption":"Anne Suy Massage"},"image":{"@id":"https:\/\/annesuy.fr\/#\/schema\/logo\/image\/"}}]}},"_links":{"self":[{"href":"https:\/\/annesuy.fr\/en\/wp-json\/wp\/v2\/pages\/990","targetHints":{"allow":["GET"]}}],"collection":[{"href":"https:\/\/annesuy.fr\/en\/wp-json\/wp\/v2\/pages"}],"about":[{"href":"https:\/\/annesuy.fr\/en\/wp-json\/wp\/v2\/types\/page"}],"author":[{"embeddable":true,"href":"https:\/\/annesuy.fr\/en\/wp-json\/wp\/v2\/users\/1"}],"replies":[{"embeddable":true,"href":"https:\/\/annesuy.fr\/en\/wp-json\/wp\/v2\/comments?post=990"}],"version-history":[{"count":48,"href":"https:\/\/annesuy.fr\/en\/wp-json\/wp\/v2\/pages\/990\/revisions"}],"predecessor-version":[{"id":4156,"href":"https:\/\/annesuy.fr\/en\/wp-json\/wp\/v2\/pages\/990\/revisions\/4156"}],"wp:attachment":[{"href":"https:\/\/annesuy.fr\/en\/wp-json\/wp\/v2\/media?parent=990"}],"curies":[{"name":"wp","href":"https:\/\/api.w.org\/{rel}","templated":true}]}}